{"id":91,"date":"2019-06-27T07:19:37","date_gmt":"2019-06-27T07:19:37","guid":{"rendered":"https:\/\/www.it-central.ch\/?page_id=91"},"modified":"2019-07-10T11:56:14","modified_gmt":"2019-07-10T11:56:14","slug":"linux-groupware","status":"publish","type":"page","link":"https:\/\/www.it-central.ch\/index.php\/linux-groupware\/","title":{"rendered":"Linux Groupware"},"content":{"rendered":"<section class=\"kc-elm kc-css-655458 kc_row\"><div class=\"kc-row-container  kc-container\"><div class=\"kc-wrap-columns\"><div class=\"kc-elm kc-css-457925 kc_col-sm-6 kc_column kc_col-sm-6\"><div class=\"kc-col-container\">\n<div class=\"kc-elm kc-css-281967 kc-title-wrap \">\n\n\t<h3 class=\"kc_title\">Groupware \r\n(Mail, Kontakte, Kalender, Aufgaben)<\/h3>\n<\/div>\n<div class=\"kc-elm kc-css-937914 kc_text_block\"><\/p>\n<p><span style=\"font-size: 10pt;\">Jedes Unternehmen, jede Arbeitsgruppe, jeder Benutzer ist im Arbeitsalltag auf einwandfreie Kommunikation mit anderen Mitarbeitenden, im Office oder unterwegs, angewiesen. Groupware-Server vereinigen Standardanwendungen wie E-Mail, Kontakte, Kalender, Aufgaben unter einer gemeinsamem Oberfl\u00e4che. Sie stellen diese Datenbest\u00e4nde im Rahmen gesetzter Rechte (benutzerabh\u00e4ngig) zur Verf\u00fcgung. Die Dienste stehen \u00fcber <a href=\"https:\/\/de.wikipedia.org\/wiki\/Webanwendung\">WEB-Anwendungen<\/a> oder \u00fcber lokale- oder Remote-Clients zur Verf\u00fcgung. <br \/>Es ist dabei unerheblich, welcher Art die Clients sind: beispielsweise <a href=\"https:\/\/de.wikipedia.org\/wiki\/Microsoft_Outlook\">Microsoft-Outlook<\/a>, Mozzilla-<a href=\"https:\/\/de.wikipedia.org\/wiki\/Mozilla_Thunderbird\">Thunderbird<\/a>, Smartphones oder <a href=\"https:\/\/de.wikipedia.org\/wiki\/Mozilla_Thunderbird\">MAC-Ger\u00e4te<\/a>. Groupware-Server werden \u00fcblicherweise auch mit Diensten zur Spam- und Virenabwehr versehen. Gruppenplanung, E-Mail Umleitungen und Abwesenheitsmeldungen runden die Grundfunktionen ab.<br \/><\/span><\/p>\n<p>\n<\/div><div class=\"kc-elm kc-css-342386 kc_text_block\"><\/p>\n<p><span style=\"font-size: 10pt;\">Propriet\u00e4re L\u00f6sungen, wie beispielsweise <a href=\"https:\/\/de.wikipedia.org\/wiki\/Microsoft_Exchange_Server\">Microsoft-Exchange<\/a>, stellen oftmals hohe Anforderungen an die Hardware und erfordern schmerzliche, unverst\u00e4ndlich hohe Lizenzkosten. Sie verlangen ferner in der Regel spezialisiertes oder geschultes Personal, was den Kostenfaktor zus\u00e4tzlich beeinflusst.<\/span><\/p>\n<p>\n<\/div><\/div><\/div><div class=\"kc-elm kc-css-913403 kc_col-sm-6 kc_column kc_col-sm-6\"><div class=\"kc-col-container\"><div class=\"kc-elm kc-css-392131 kc_shortcode kc_single_image\">\n\n        <img decoding=\"async\" src=\"https:\/\/www.it-central.ch\/wp-content\/uploads\/2019\/07\/02-Groupware-841x584-round-841x584xc.png\" class=\"\" alt=\"\" \/>    <\/div>\n<div class=\"kc-elm kc-css-58658\" style=\"height: 18px; clear: both; width:100%;\"><\/div><div class=\"kc-elm kc-css-652002 kc_text_block\"><\/p>\n<p><strong><span style=\"font-size: 10pt;\">SOGo Groupware ist immer in ihrem Alltag verf\u00fcgbar, sei es im B\u00fcro, an Meetings, unterwegs oder in den Ferien. Damit halten Sie Ihre Daten permanent aktuell.<\/span><\/strong><\/p>\n<p>\n<\/div><\/div><\/div><\/div><\/div><\/section>\n","protected":false},"excerpt":{"rendered":"","protected":false},"author":1,"featured_media":0,"parent":0,"menu_order":0,"comment_status":"closed","ping_status":"closed","template":"","meta":{"footnotes":""},"class_list":["post-91","page","type-page","status-publish"],"_links":{"self":[{"href":"https:\/\/www.it-central.ch\/index.php\/wp-json\/wp\/v2\/pages\/91","targetHints":{"allow":["GET"]}}],"collection":[{"href":"https:\/\/www.it-central.ch\/index.php\/wp-json\/wp\/v2\/pages"}],"about":[{"href":"https:\/\/www.it-central.ch\/index.php\/wp-json\/wp\/v2\/types\/page"}],"author":[{"embeddable":true,"href":"https:\/\/www.it-central.ch\/index.php\/wp-json\/wp\/v2\/users\/1"}],"replies":[{"embeddable":true,"href":"https:\/\/www.it-central.ch\/index.php\/wp-json\/wp\/v2\/comments?post=91"}],"version-history":[{"count":32,"href":"https:\/\/www.it-central.ch\/index.php\/wp-json\/wp\/v2\/pages\/91\/revisions"}],"predecessor-version":[{"id":393,"href":"https:\/\/www.it-central.ch\/index.php\/wp-json\/wp\/v2\/pages\/91\/revisions\/393"}],"wp:attachment":[{"href":"https:\/\/www.it-central.ch\/index.php\/wp-json\/wp\/v2\/media?parent=91"}],"curies":[{"name":"wp","href":"https:\/\/api.w.org\/{rel}","templated":true}]}}