{"id":82,"date":"2019-06-27T07:07:31","date_gmt":"2019-06-27T07:07:31","guid":{"rendered":"https:\/\/www.it-central.ch\/?page_id=82"},"modified":"2019-09-17T07:25:23","modified_gmt":"2019-09-17T07:25:23","slug":"linux-serverdienste","status":"publish","type":"page","link":"https:\/\/www.it-central.ch\/index.php\/linux-serverdienste\/","title":{"rendered":"Serverdienste"},"content":{"rendered":"<section class=\"kc-elm kc-css-739057 kc_row\"><div class=\"kc-row-container  kc-container\"><div class=\"kc-wrap-columns\"><div class=\"kc-elm kc-css-822746 kc_col-sm-6 kc_column kc_col-sm-6\"><div class=\"kc-col-container\">\n<div class=\"kc-elm kc-css-802554 kc-title-wrap \">\n\n\t<h3 class=\"kc_title\">Serverdienste<\/h3>\n<\/div>\n<div class=\"kc-elm kc-css-701532 kc_text_block\"><\/p>\n<p><span style=\"font-size: 10pt;\">Linux gilt als stabilste und kosteng\u00fcnstige Betriebssystem-Plattform, vor allem bedingt durch den Wegfall von Software-Lizenzkosten sowie geringere Hardware-Anforderungen und Ausfallzeiten. Allein die Einsparungen bei Software-Lizenzen \u00fcberzeugen Unternehmen, beispielsweise von Microsoft-Windows auf Linux umzusteigen. Es gibt nebst tiefem Kostenfaktor viele \u00fcberzeugende Gr\u00fcnde, Linux-Serverdienste zu nutzen.<\/span><\/p>\n<p>\n<\/div><div class=\"kc-elm kc-css-635640 kc_text_block\"><\/p>\n<p><span style=\"font-size: 10pt;\">Linux ist schneller, billiger, stabiler und besser skalierbar als propriet\u00e4re Serversysteme. Es ist deutlich kosteng\u00fcnstiger im Unterhalt gegen\u00fcber Microsoft-Windows (oder anderer Derivate), billiger als ein kommerzielles Unix, einfach \u00fcber das Internet zu warten.<\/span><\/p>\n<p>\n<\/div><div class=\"kc-elm kc-css-65226 kc_text_block\"><\/p>\n<p><span style=\"font-size: 10pt;\">Aufgrund der Kompatibilit\u00e4t hat sich Linux auf dem Servermarkt besonders schnell etabliert. Da f\u00fcr Linux schon fr\u00fch zahlreiche h\u00e4ufig verwendete und ben\u00f6tigte Serversoftware wie Webserver, Datenbankserver und Groupware-Server kostenlos und weitgehend uneingeschr\u00e4nkt zur Verf\u00fcgung standen, w\u00e4chst dort der Marktanteil stetig.<\/span><\/p>\n<p>\n<\/div><\/div><\/div><div class=\"kc-elm kc-css-812290 kc_col-sm-6 kc_column kc_col-sm-6\"><div class=\"kc-col-container\"><div class=\"kc-elm kc-css-386659 kc_shortcode kc_single_image\">\n\n        <img decoding=\"async\" src=\"https:\/\/www.it-central.ch\/wp-content\/uploads\/2019\/09\/01-Server-841x584-round2-841x584xc.png\" class=\"\" alt=\"\" \/>    <\/div>\n<div class=\"kc-elm kc-css-874208\" style=\"height: 10px; clear: both; width:100%;\"><\/div><div class=\"kc-elm kc-css-210242 kc_text_block\"><\/p>\n<p><strong><span style=\"font-size: 10pt;\">Die Einbindung beliebiger Clients wie Microsoft-Windows-PCs, MACs und Thin-Clients ist problemlos und einfach. Stabilit\u00e4t, Flexibilit\u00e4t und die vollst\u00e4ndig m\u00f6gliche Fernwartung sind einzigartig. Smartphones greifen \u00fcber gesicherte Protokolle auf Datenbest\u00e4nde zu, dies ohne vertrauliche Daten in unsicheren Clouds halten zu m\u00fcssen.<\/span><\/strong><\/p>\n<p>\n<\/div><\/div><\/div><\/div><\/div><\/section>\n","protected":false},"excerpt":{"rendered":"","protected":false},"author":1,"featured_media":0,"parent":0,"menu_order":0,"comment_status":"closed","ping_status":"closed","template":"","meta":{"footnotes":""},"class_list":["post-82","page","type-page","status-publish"],"_links":{"self":[{"href":"https:\/\/www.it-central.ch\/index.php\/wp-json\/wp\/v2\/pages\/82","targetHints":{"allow":["GET"]}}],"collection":[{"href":"https:\/\/www.it-central.ch\/index.php\/wp-json\/wp\/v2\/pages"}],"about":[{"href":"https:\/\/www.it-central.ch\/index.php\/wp-json\/wp\/v2\/types\/page"}],"author":[{"embeddable":true,"href":"https:\/\/www.it-central.ch\/index.php\/wp-json\/wp\/v2\/users\/1"}],"replies":[{"embeddable":true,"href":"https:\/\/www.it-central.ch\/index.php\/wp-json\/wp\/v2\/comments?post=82"}],"version-history":[{"count":22,"href":"https:\/\/www.it-central.ch\/index.php\/wp-json\/wp\/v2\/pages\/82\/revisions"}],"predecessor-version":[{"id":452,"href":"https:\/\/www.it-central.ch\/index.php\/wp-json\/wp\/v2\/pages\/82\/revisions\/452"}],"wp:attachment":[{"href":"https:\/\/www.it-central.ch\/index.php\/wp-json\/wp\/v2\/media?parent=82"}],"curies":[{"name":"wp","href":"https:\/\/api.w.org\/{rel}","templated":true}]}}