{"id":206,"date":"2019-07-08T14:49:04","date_gmt":"2019-07-08T14:49:04","guid":{"rendered":"https:\/\/www.it-central.ch\/?page_id=206"},"modified":"2019-07-09T11:03:26","modified_gmt":"2019-07-09T11:03:26","slug":"team","status":"publish","type":"page","link":"https:\/\/www.it-central.ch\/index.php\/team\/","title":{"rendered":"Team"},"content":{"rendered":"<p><section class=\"kc-elm kc-css-243599 kc_row\"><div class=\"kc-row-container  kc-container\"><div class=\"kc-wrap-columns\"><div class=\"kc-elm kc-css-404012 kc_col-sm-3 kc_column kc_col-sm-3\"><div class=\"kc-col-container\">\n<div class=\"kc-elm kc-css-538184 kc-title-wrap \">\n\n\t<h3 class=\"kc_title\">Team<\/h3>\n<\/div>\n<div class=\"kc-elm kc-css-991181 kc_shortcode kc_single_image\">\n\n        <img decoding=\"async\" src=\"https:\/\/www.it-central.ch\/wp-content\/uploads\/2019\/07\/MarcelB\u00fchlerbuehler-134x158xc.jpg\" class=\"\" alt=\"\" \/>    <\/div>\n<div class=\"kc-elm kc-css-300745 kc_text_block\"><\/p>\n<p style=\"text-align: center;\"><strong><span style=\"font-size: 10pt;\">Marcel B\u00fchler<br \/><\/span><\/strong><span style=\"font-size: 10pt;\">Data Scientist<\/span><\/p>\n<p>\n<\/div><\/div><\/div><div class=\"kc-elm kc-css-116203 kc_col-sm-3 kc_column kc_col-sm-3\"><div class=\"kc-col-container\"><div class=\"kc-elm kc-css-722682\" style=\"height: 47px; clear: both; width:100%;\"><\/div><div class=\"kc-elm kc-css-819368 kc_shortcode kc_single_image\">\n\n        <img decoding=\"async\" src=\"https:\/\/www.it-central.ch\/wp-content\/uploads\/2019\/07\/BernhardB\u00fchler-134x158xc.jpg\" class=\"\" alt=\"\" \/>    <\/div>\n<div class=\"kc-elm kc-css-884364 kc_text_block\"><\/p>\n<p style=\"text-align: center;\"><strong><span style=\"font-size: 10pt;\">Bernhard B\u00fchler<br \/><\/span><\/strong><span style=\"font-size: 10pt;\">System Engineer<\/span><\/p>\n<p>\n<\/div><\/div><\/div><div class=\"kc-elm kc-css-289873 kc_col-sm-3 kc_column kc_col-sm-3\"><div class=\"kc-col-container\"><div class=\"kc-elm kc-css-4767\" style=\"height: 47px; clear: both; width:100%;\"><\/div><div class=\"kc-elm kc-css-555843 kc_shortcode kc_single_image\">\n\n        <img decoding=\"async\" src=\"https:\/\/www.it-central.ch\/wp-content\/uploads\/2019\/07\/RudolfM\u00fcller-134x158xc.jpg\" class=\"\" alt=\"\" \/>    <\/div>\n<div class=\"kc-elm kc-css-74195 kc_text_block\"><\/p>\n<p style=\"text-align: center;\"><strong><span style=\"font-size: 10pt;\">Rudolf M\u00fcller<br \/><\/span><\/strong><span style=\"font-size: 10pt;\">Programmer<\/span><\/p>\n<p>\n<\/div><\/div><\/div><div class=\"kc-elm kc-css-336405 kc_col-sm-3 kc_column kc_col-sm-3\"><div class=\"kc-col-container\"><div class=\"kc-elm kc-css-850491\" style=\"height: 47px; clear: both; width:100%;\"><\/div><div class=\"kc-elm kc-css-677398 kc_shortcode kc_single_image\">\n\n        <img decoding=\"async\" src=\"https:\/\/www.it-central.ch\/wp-content\/uploads\/2019\/07\/DieterKl\u00fcnter-134x158xc.png\" class=\"\" alt=\"\" \/>    <\/div>\n<div class=\"kc-elm kc-css-715460 kc_text_block\"><\/p>\n<p style=\"text-align: center;\"><strong><span style=\"font-size: 10pt;\">Dieter Kl\u00fcnter<br \/><\/span><\/strong><span style=\"font-size: 10pt;\">Economist<\/span><\/p>\n<p>\n<\/div><\/div><\/div><\/div><\/div><\/section><section class=\"kc-elm kc-css-739354 kc_row\"><div class=\"kc-row-container  kc-container\"><div class=\"kc-wrap-columns\"><div class=\"kc-elm kc-css-979992 kc_col-sm-12 kc_column kc_col-sm-12\"><div class=\"kc-col-container\"><div class=\"kc-elm kc-css-834142 kc_text_block\"><\/p>\n<p style=\"text-align: center;\"><strong><span style=\"font-size: 10pt;\">Sie, unser Kunde, sind unser wichtigstes Kapital, dieses wollen wir langfristig erhalten und das gegenseitige Vertrauen laufend st\u00e4rken. <br \/>Uns d\u00fcrfen Sie immer in die Augen sehen!<br \/><\/span><\/strong><span style=\"font-size: 10pt;\">Wir sind ein sehr flexibles Team mit breitgef\u00e4cherter, langj\u00e4hriger Erfahrung. Wir setzen uns f\u00fcr Sie, unseren Kunden, mit vollem Engagement ein. <br \/>Ihre IT ist auch unsere IT, Ihr Projekt ist unser Projekt!<\/span><br \/><span style=\"font-size: 10pt;\">Niemals vergessen wir das Kosten-\/Nutzenverh\u00e4ltnis.<\/span><br \/><span style=\"font-size: 10pt;\">Unser Fokus richtet sich immer auf sinnvolle L\u00f6sungen.<\/span><br \/><span style=\"font-size: 10pt;\">Wir sind immer f\u00fcr Sie da!<\/span><br \/><span style=\"font-size: 10pt;\">Fachlich versierte Analyse, dokumentiertes Vorgehen, kostenbewusste Umsetzung, seri\u00f6se und umsichtige Einf\u00fchrung, perfekter Abschluss, langj\u00e4hrige Nachbetreuung, Support.<\/span><br \/><strong><span style=\"font-size: 10pt;\">Unsere Erfahrung ist Ihr Erfolg!<\/span><\/strong><\/p>\n<p>\n<\/div><\/div><\/div><\/div><\/div><\/section><\/p>\n","protected":false},"excerpt":{"rendered":"","protected":false},"author":1,"featured_media":0,"parent":0,"menu_order":0,"comment_status":"closed","ping_status":"closed","template":"","meta":{"footnotes":""},"class_list":["post-206","page","type-page","status-publish"],"_links":{"self":[{"href":"https:\/\/www.it-central.ch\/index.php\/wp-json\/wp\/v2\/pages\/206","targetHints":{"allow":["GET"]}}],"collection":[{"href":"https:\/\/www.it-central.ch\/index.php\/wp-json\/wp\/v2\/pages"}],"about":[{"href":"https:\/\/www.it-central.ch\/index.php\/wp-json\/wp\/v2\/types\/page"}],"author":[{"embeddable":true,"href":"https:\/\/www.it-central.ch\/index.php\/wp-json\/wp\/v2\/users\/1"}],"replies":[{"embeddable":true,"href":"https:\/\/www.it-central.ch\/index.php\/wp-json\/wp\/v2\/comments?post=206"}],"version-history":[{"count":32,"href":"https:\/\/www.it-central.ch\/index.php\/wp-json\/wp\/v2\/pages\/206\/revisions"}],"predecessor-version":[{"id":265,"href":"https:\/\/www.it-central.ch\/index.php\/wp-json\/wp\/v2\/pages\/206\/revisions\/265"}],"wp:attachment":[{"href":"https:\/\/www.it-central.ch\/index.php\/wp-json\/wp\/v2\/media?parent=206"}],"curies":[{"name":"wp","href":"https:\/\/api.w.org\/{rel}","templated":true}]}}