{"id":163,"date":"2019-06-30T07:57:31","date_gmt":"2019-06-30T07:57:31","guid":{"rendered":"https:\/\/www.it-central.ch\/?page_id=163"},"modified":"2019-07-10T11:08:37","modified_gmt":"2019-07-10T11:08:37","slug":"it-services-2","status":"publish","type":"page","link":"https:\/\/www.it-central.ch\/index.php\/it-services-2\/","title":{"rendered":"IT-Services"},"content":{"rendered":"<section class=\"kc-elm kc-css-472980 kc_row\"><div class=\"kc-row-container  kc-container\"><div class=\"kc-wrap-columns\"><div class=\"kc-elm kc-css-190269 kc_col-sm-4 kc_column kc_col-sm-4\"><div class=\"kc-col-container\">\n<div class=\"kc-elm kc-css-429549 kc-title-wrap \">\n\n\t<h3 class=\"kc_title\">IT-Services<\/h3>\n<\/div>\n<div class=\"kc-elm kc-css-244186 kc_text_block\"><\/p>\n<p><span style=\"font-size: 10pt;\">Seit \u00fcber 35 Jahren vertrauen unsere Kunden unseren IT-Dienstleistungen und unserer Kompetenz. KMU-Unternehmen brauchen stabile und kosteng\u00fcnstige L\u00f6sungen, um ihr Kerngesch\u00e4ft effizient zu betreiben. Unsere Beratung, sorgf\u00e4ltige Analyse und fachm\u00e4nnische Implementation\u00a0 \u00fcberzeugen. Nach Inbetriebnahme sind wir auch weiter f\u00fcr Sie da. Als Full-Service Dienstleister bleiben wir in keinen Fragen ohne effiziente L\u00f6sung. Ihr Projekt ist unser Projekt, ein markanter Vorteil &#8211; Ihr Erfolg ist unsere Bestimmung!<\/span><\/p>\n<p>\n<\/div><\/div><\/div><div class=\"kc-elm kc-css-53936 kc_col-sm-4 kc_column kc_col-sm-4\"><div class=\"kc-col-container\"><div class=\"kc-elm kc-css-531981\" style=\"height: 81px; clear: both; width:100%;\"><\/div><div class=\"kc-elm kc-css-62204 kc_shortcode kc_single_image\">\n\n        <img decoding=\"async\" src=\"https:\/\/www.it-central.ch\/wp-content\/uploads\/2019\/06\/Pingu-195x300.png\" class=\"\" alt=\"\" \/>    <\/div>\n<\/div><\/div><div class=\"kc-elm kc-css-312254 kc_col-sm-4 kc_column kc_col-sm-4\"><div class=\"kc-col-container\">\n<div class=\"kc-elm kc-css-379068 kc-title-wrap \">\n\n\t<h5 class=\"kc_title\">Einige unserer Kernkompetenzen<\/h5>\n<\/div>\n<div class=\"kc-elm kc-css-324960 kc_text_block\"><\/p>\n<ul>\n<li><span style=\"font-size: 10pt;\">Serverdienste f\u00fcr File- und Printservice<\/span><\/li>\n<li><span style=\"font-size: 10pt;\">Backupserver<\/span><\/li>\n<li><span style=\"font-size: 10pt;\">Mail- und Groupwaredienste<\/span><\/li>\n<li><span style=\"font-size: 10pt;\">Webserver und Clouds<\/span><\/li>\n<li><span style=\"font-size: 10pt;\">Web-Applikationen CMS und individuell<\/span><\/li>\n<li><span style=\"font-size: 10pt;\">Applikationsserver<\/span><\/li>\n<li><span style=\"font-size: 10pt;\">Firewall<\/span><\/li>\n<li><span style=\"font-size: 10pt;\">Authentifizierungssysteme<\/span><\/li>\n<li><span style=\"font-size: 10pt;\">VPN L\u00f6sungen<\/span><\/li>\n<li><span style=\"font-size: 10pt;\">IP Telefonie<\/span><\/li>\n<\/ul>\n<p>\n<\/div><div class=\"kc-elm kc-css-662164 kc_text_block\"><\/p>\n<p><strong><span style=\"font-size: 10pt;\">Stabile und kosteng\u00fcnstige L\u00f6sungen auf OpenSource-Basis, ohne Lizenzkosten.<\/span><\/strong><\/p>\n<p>\n<\/div><\/div><\/div><\/div><\/div><\/section>\n","protected":false},"excerpt":{"rendered":"","protected":false},"author":1,"featured_media":0,"parent":0,"menu_order":0,"comment_status":"closed","ping_status":"closed","template":"","meta":{"footnotes":""},"class_list":["post-163","page","type-page","status-publish"],"_links":{"self":[{"href":"https:\/\/www.it-central.ch\/index.php\/wp-json\/wp\/v2\/pages\/163","targetHints":{"allow":["GET"]}}],"collection":[{"href":"https:\/\/www.it-central.ch\/index.php\/wp-json\/wp\/v2\/pages"}],"about":[{"href":"https:\/\/www.it-central.ch\/index.php\/wp-json\/wp\/v2\/types\/page"}],"author":[{"embeddable":true,"href":"https:\/\/www.it-central.ch\/index.php\/wp-json\/wp\/v2\/users\/1"}],"replies":[{"embeddable":true,"href":"https:\/\/www.it-central.ch\/index.php\/wp-json\/wp\/v2\/comments?post=163"}],"version-history":[{"count":44,"href":"https:\/\/www.it-central.ch\/index.php\/wp-json\/wp\/v2\/pages\/163\/revisions"}],"predecessor-version":[{"id":353,"href":"https:\/\/www.it-central.ch\/index.php\/wp-json\/wp\/v2\/pages\/163\/revisions\/353"}],"wp:attachment":[{"href":"https:\/\/www.it-central.ch\/index.php\/wp-json\/wp\/v2\/media?parent=163"}],"curies":[{"name":"wp","href":"https:\/\/api.w.org\/{rel}","templated":true}]}}