{"id":119,"date":"2019-06-27T10:21:17","date_gmt":"2019-06-27T10:21:17","guid":{"rendered":"https:\/\/www.it-central.ch\/?page_id=119"},"modified":"2019-07-10T11:26:25","modified_gmt":"2019-07-10T11:26:25","slug":"virtualisierung","status":"publish","type":"page","link":"https:\/\/www.it-central.ch\/index.php\/virtualisierung\/","title":{"rendered":"Virtualisierung"},"content":{"rendered":"<section class=\"kc-elm kc-css-110902 kc_row\"><div class=\"kc-row-container  kc-container\"><div class=\"kc-wrap-columns\"><div class=\"kc-elm kc-css-742256 kc_col-sm-6 kc_column kc_col-sm-6\"><div class=\"kc-col-container\">\n<div class=\"kc-elm kc-css-166052 kc-title-wrap \">\n\n\t<h3 class=\"kc_title\">Virtualisierung<\/h3>\n<\/div>\n<div class=\"kc-elm kc-css-19020 kc_text_block\"><\/p>\n<p><span style=\"font-size: 10pt;\">Bestimmte propriet\u00e4re Software bedingen h\u00e4ufig immer gr\u00f6ssere Investitionen, um die Voraussetzungen zum Betrieb bestimmter Produkte und Eigenschaften zu erf\u00fcllen. Dieser Zwang kann oftmals mit Hilfe einer virtuellen Umgebung ohne hohe Kosten umgangen werden. Damit l\u00e4sst sich beispielsweise ein Produkt weit \u00fcber die sonst m\u00f6gliche Lebensdauer und ohne laufende Nachr\u00fcstungen betreiben. Auch die zum Betrieb bestimmter Anwendungen erforderlichen Serverdienste werden innerhalb einer virtuellen Umgebung eingerichtet und auf diesem Wege den Benutzern zur Verf\u00fcgung gestellt.<\/span><\/p>\n<p>\n<\/div><div class=\"kc-elm kc-css-995099 kc_text_block\"><\/p>\n<p><span style=\"font-size: 10pt;\">Virtualisierte Server reduzieren die Kosten f\u00fcr Serverhardware erheblich, teilen sich doch mehrere Dienste die gleiche Maschine. Diese Server bieten identische Eigenschaften wie alleinstehende Maschinen, erfordern aber gen\u00fcgende Hardware-Ressourcen, um einem Vergleich standzuhalten. <\/span><span style=\"font-size: 10pt;\">Sie eignen sich auch hervorragend f\u00fcr Clusterbildung oder auch f\u00fcr den Testbetrieb einer neuen oder aktualisierten Umgebung. Updates oder Neuerungen (Software) lassen sich mit Hilfe dieser Technologie einfach und sicher vor der wirklichen Verwendung \u00fcberpr\u00fcfen, um damit sichere Migrationen zu garantieren.<\/span><\/p>\n<p><span style=\"font-size: 10pt;\">Virtualisierte Clients reduzieren die Wartungskosten einzelner PCs enorm, wird doch lediglich der Masterclient gewartet und von den Clients jeweils zum Betrieb geladen.<\/span><\/p>\n<p>\n<\/div><\/div><\/div><div class=\"kc-elm kc-css-873544 kc_col-sm-6 kc_column kc_col-sm-6\"><div class=\"kc-col-container\"><div class=\"kc-elm kc-css-21066 kc_shortcode kc_single_image\">\n\n        <img decoding=\"async\" src=\"https:\/\/www.it-central.ch\/wp-content\/uploads\/2019\/07\/04-Virtualisation-841x584-round-841x584xc.png\" class=\"\" alt=\"\" \/>    <\/div>\n<div class=\"kc-elm kc-css-737944\" style=\"height: 10px; clear: both; width:100%;\"><\/div><div class=\"kc-elm kc-css-43734 kc_text_block\"><\/p>\n<p><span style=\"font-size: 10pt;\">Virtuelle Server lassen sich im laufenden Betrieb auf andere Serverhardware verschieben. <\/span><span style=\"font-size: 10pt;\">Relativ einfach gestaltet sich auch die Datensicherung, beispielsweise gestaltet sich ein Recovery im Notfall dank Virtualisierungstechnologie einfach und schnell. <\/span><\/p>\n<p><strong><span style=\"font-size: 10pt;\">Virtualisierung kann die Kosten f\u00fcr Anschaffung und Unterhalt der Serverhardware massiv senken. Bei einer Migration auf eine andere Plattform entstehen praktisch keine Aufw\u00e4nde.<br \/><\/span><\/strong><\/p>\n<p>\n<\/div><\/div><\/div><\/div><\/div><\/section>\n","protected":false},"excerpt":{"rendered":"","protected":false},"author":1,"featured_media":0,"parent":0,"menu_order":0,"comment_status":"closed","ping_status":"closed","template":"","meta":{"footnotes":""},"class_list":["post-119","page","type-page","status-publish"],"_links":{"self":[{"href":"https:\/\/www.it-central.ch\/index.php\/wp-json\/wp\/v2\/pages\/119","targetHints":{"allow":["GET"]}}],"collection":[{"href":"https:\/\/www.it-central.ch\/index.php\/wp-json\/wp\/v2\/pages"}],"about":[{"href":"https:\/\/www.it-central.ch\/index.php\/wp-json\/wp\/v2\/types\/page"}],"author":[{"embeddable":true,"href":"https:\/\/www.it-central.ch\/index.php\/wp-json\/wp\/v2\/users\/1"}],"replies":[{"embeddable":true,"href":"https:\/\/www.it-central.ch\/index.php\/wp-json\/wp\/v2\/comments?post=119"}],"version-history":[{"count":18,"href":"https:\/\/www.it-central.ch\/index.php\/wp-json\/wp\/v2\/pages\/119\/revisions"}],"predecessor-version":[{"id":369,"href":"https:\/\/www.it-central.ch\/index.php\/wp-json\/wp\/v2\/pages\/119\/revisions\/369"}],"wp:attachment":[{"href":"https:\/\/www.it-central.ch\/index.php\/wp-json\/wp\/v2\/media?parent=119"}],"curies":[{"name":"wp","href":"https:\/\/api.w.org\/{rel}","templated":true}]}}