{"id":106,"date":"2019-06-27T09:07:22","date_gmt":"2019-06-27T09:07:22","guid":{"rendered":"https:\/\/www.it-central.ch\/?page_id=106"},"modified":"2019-07-10T11:25:42","modified_gmt":"2019-07-10T11:25:42","slug":"linux-netzwerke","status":"publish","type":"page","link":"https:\/\/www.it-central.ch\/index.php\/linux-netzwerke\/","title":{"rendered":"Linux Netzwerke"},"content":{"rendered":"<section class=\"kc-elm kc-css-596982 kc_row\"><div class=\"kc-row-container  kc-container\"><div class=\"kc-wrap-columns\"><div class=\"kc-elm kc-css-173656 kc_col-sm-6 kc_column kc_col-sm-6\"><div class=\"kc-col-container\">\n<div class=\"kc-elm kc-css-432968 kc-title-wrap \">\n\n\t<h3 class=\"kc_title\">Netzwerke<\/h3>\n<\/div>\n<div class=\"kc-elm kc-css-130432 kc_text_block\"><\/p>\n<p><span style=\"font-size: 10pt;\">LAN (<a href=\"https:\/\/de.wikipedia.org\/wiki\/Local_Area_Network\">Local Area Network<\/a>) ist heute in jedem Betrieb in vielf\u00e4ltiger Art und Weise vorhanden. Einfache L\u00f6sungen verbinden PCs und Drucker \u00fcber Switches und Kupferkabel\u00a0 mit dem Server, aufw\u00e4ndigere Systeme verwenden Glasfasertechnologien, um mehrere Switches und\/oder Lokalit\u00e4ten zu verbinden. Virtuelle Netzwerke werden aufgrund organisatorischer oder sicherheitsrelevanter Aspekte dar\u00fcber gelegt. <\/span><\/p>\n<p><span style=\"font-size: 10pt;\">VPN (<a href=\"https:\/\/de.wikipedia.org\/wiki\/VPN\">Virtual Private Network<\/a>) Ueber geschlossene VPN-Tunnels lassen sich weltweit Zug\u00e4nge zum Firmennetzwerk sicher einrichten. Innerhalb eines Tunnels erfolgt die Kommunikation stark verschl\u00fcsselt, Eindringlinge oder \u201eSchwarzh\u00f6rer\u201c bleiben draussen, und k\u00f6nnen so niemals Schaden anrichten. VPN-Clients k\u00f6nnen PCs, Smartphones oder Tablets sein. Mittels VPN lassen sich auch mehrere Firmennetzwerke sicher verbinden.<\/span><\/p>\n<p>\n<\/div><\/div><\/div><div class=\"kc-elm kc-css-867965 kc_col-sm-6 kc_column kc_col-sm-6\"><div class=\"kc-col-container\"><div class=\"kc-elm kc-css-326913 kc_shortcode kc_single_image\">\n\n        <img decoding=\"async\" src=\"https:\/\/www.it-central.ch\/wp-content\/uploads\/2019\/07\/03-Networking-841x584-round-841x584xc.png\" class=\"\" alt=\"\" \/>    <\/div>\n<div class=\"kc-elm kc-css-224077\" style=\"height: 10px; clear: both; width:100%;\"><\/div><div class=\"kc-elm kc-css-839114 kc_text_block\"><\/p>\n<p><span style=\"font-size: 10pt;\">Betriebliche Netzwerke erleichtern die Zusammenarabeit der Abteilungen, stellen den Mitarbeitenden Datenbest\u00e4nde und Kommunikationsmittel zur Verf\u00fcgung um Smartpones und Tablets einzubinden. Bei W-LANs sind die Sicherheitsaspekte sehr wichtig, Zugangskontrolle und Logging verhindern Missbr\u00e4uche.<\/span><\/p>\n<p>\n<\/div><\/div><\/div><\/div><\/div><\/section>\n","protected":false},"excerpt":{"rendered":"","protected":false},"author":1,"featured_media":0,"parent":0,"menu_order":0,"comment_status":"closed","ping_status":"closed","template":"","meta":{"footnotes":""},"class_list":["post-106","page","type-page","status-publish"],"_links":{"self":[{"href":"https:\/\/www.it-central.ch\/index.php\/wp-json\/wp\/v2\/pages\/106","targetHints":{"allow":["GET"]}}],"collection":[{"href":"https:\/\/www.it-central.ch\/index.php\/wp-json\/wp\/v2\/pages"}],"about":[{"href":"https:\/\/www.it-central.ch\/index.php\/wp-json\/wp\/v2\/types\/page"}],"author":[{"embeddable":true,"href":"https:\/\/www.it-central.ch\/index.php\/wp-json\/wp\/v2\/users\/1"}],"replies":[{"embeddable":true,"href":"https:\/\/www.it-central.ch\/index.php\/wp-json\/wp\/v2\/comments?post=106"}],"version-history":[{"count":18,"href":"https:\/\/www.it-central.ch\/index.php\/wp-json\/wp\/v2\/pages\/106\/revisions"}],"predecessor-version":[{"id":367,"href":"https:\/\/www.it-central.ch\/index.php\/wp-json\/wp\/v2\/pages\/106\/revisions\/367"}],"wp:attachment":[{"href":"https:\/\/www.it-central.ch\/index.php\/wp-json\/wp\/v2\/media?parent=106"}],"curies":[{"name":"wp","href":"https:\/\/api.w.org\/{rel}","templated":true}]}}